{"id":354,"date":"2021-03-18T16:52:01","date_gmt":"2021-03-18T19:52:01","guid":{"rendered":"https:\/\/www.suno.com.br\/asset\/?page_id=354"},"modified":"2026-04-24T13:22:36","modified_gmt":"2026-04-24T16:22:36","slug":"politicas","status":"publish","type":"page","link":"https:\/\/www.suno.com.br\/asset\/politicas\/","title":{"rendered":"Pol\u00ed\u00adticas"},"content":{"rendered":"","protected":false},"excerpt":{"rendered":"","protected":false},"author":1,"featured_media":0,"parent":0,"menu_order":0,"comment_status":"closed","ping_status":"closed","template":"_templates\/policies.php","meta":{"_acf_changed":false,"footnotes":""},"class_list":["post-354","page","type-page","status-publish","hentry"],"acf":[],"yoast_head":"<!-- This site is optimized with the Yoast SEO plugin v23.9 - https:\/\/yoast.com\/wordpress\/plugins\/seo\/ -->\n<title>Pol\u00ed\u00adticas Suno Asset e Wealth Management<\/title>\n<meta name=\"description\" content=\"Somos uma gestora de recursos focada em ajudar investidores a conquistar a independ\u00eancia financeira. Conhe\u00e7a mais sobre as pol\u00ed\u00adticas da Suno Asset.\" \/>\n<meta name=\"robots\" content=\"index, follow, max-snippet:-1, max-image-preview:large, max-video-preview:-1\" \/>\n<link rel=\"canonical\" href=\"https:\/\/www.suno.com.br\/asset\/politicas\/\" \/>\n<meta property=\"og:locale\" content=\"pt_BR\" \/>\n<meta property=\"og:type\" content=\"article\" \/>\n<meta property=\"og:title\" content=\"Pol\u00ed\u00adticas Suno Asset e Wealth Management\" \/>\n<meta property=\"og:description\" content=\"Somos uma gestora de recursos focada em ajudar investidores a conquistar a independ\u00eancia financeira. Conhe\u00e7a mais sobre as pol\u00ed\u00adticas da Suno Asset.\" \/>\n<meta property=\"og:url\" content=\"https:\/\/www.suno.com.br\/asset\/politicas\/\" \/>\n<meta property=\"og:site_name\" content=\"Suno Asset | Asset Management\" \/>\n<meta property=\"article:modified_time\" content=\"2026-04-24T16:22:36+00:00\" \/>\n<meta property=\"og:image\" content=\"https:\/\/www.suno.com.br\/asset\/wp-content\/uploads\/2021\/10\/suno-asset-logo.jpg\" \/>\n\t<meta property=\"og:image:width\" content=\"559\" \/>\n\t<meta property=\"og:image:height\" content=\"285\" \/>\n\t<meta property=\"og:image:type\" content=\"image\/jpeg\" \/>\n<meta name=\"twitter:card\" content=\"summary_large_image\" \/>\n<script type=\"application\/ld+json\" class=\"yoast-schema-graph\">{\"@context\":\"https:\/\/schema.org\",\"@graph\":[{\"@type\":\"WebPage\",\"@id\":\"https:\/\/www.suno.com.br\/asset\/politicas\/\",\"url\":\"https:\/\/www.suno.com.br\/asset\/politicas\/\",\"name\":\"Pol\u00ed\u00adticas Suno Asset e Wealth Management\",\"isPartOf\":{\"@id\":\"https:\/\/www.suno.com.br\/asset\/#website\"},\"datePublished\":\"2021-03-18T19:52:01+00:00\",\"dateModified\":\"2026-04-24T16:22:36+00:00\",\"description\":\"Somos uma gestora de recursos focada em ajudar investidores a conquistar a independ\u00eancia financeira. Conhe\u00e7a mais sobre as pol\u00ed\u00adticas da Suno Asset.\",\"breadcrumb\":{\"@id\":\"https:\/\/www.suno.com.br\/asset\/politicas\/#breadcrumb\"},\"inLanguage\":\"pt-BR\",\"potentialAction\":[{\"@type\":\"ReadAction\",\"target\":[\"https:\/\/www.suno.com.br\/asset\/politicas\/\"]}]},{\"@type\":\"BreadcrumbList\",\"@id\":\"https:\/\/www.suno.com.br\/asset\/politicas\/#breadcrumb\",\"itemListElement\":[{\"@type\":\"ListItem\",\"position\":1,\"name\":\"Home\",\"item\":\"https:\/\/www.suno.com.br\/asset\/\"},{\"@type\":\"ListItem\",\"position\":2,\"name\":\"Pol\u00ed\u00adticas\"}]},{\"@type\":\"WebSite\",\"@id\":\"https:\/\/www.suno.com.br\/asset\/#website\",\"url\":\"https:\/\/www.suno.com.br\/asset\/\",\"name\":\"Suno Asset | Asset Management\",\"description\":\"Ajudamos a construir patrim\u00f4nios s\u00f3lidos por meio do mercado financeiro.\",\"potentialAction\":[{\"@type\":\"SearchAction\",\"target\":{\"@type\":\"EntryPoint\",\"urlTemplate\":\"https:\/\/www.suno.com.br\/asset\/?s={search_term_string}\"},\"query-input\":{\"@type\":\"PropertyValueSpecification\",\"valueRequired\":true,\"valueName\":\"search_term_string\"}}],\"inLanguage\":\"pt-BR\"}]}<\/script>\n<!-- \/ Yoast SEO plugin. -->","yoast_head_json":{"title":"Pol\u00ed\u00adticas Suno Asset e Wealth Management","description":"Somos uma gestora de recursos focada em ajudar investidores a conquistar a independ\u00eancia financeira. Conhe\u00e7a mais sobre as pol\u00ed\u00adticas da Suno Asset.","robots":{"index":"index","follow":"follow","max-snippet":"max-snippet:-1","max-image-preview":"max-image-preview:large","max-video-preview":"max-video-preview:-1"},"canonical":"https:\/\/www.suno.com.br\/asset\/politicas\/","og_locale":"pt_BR","og_type":"article","og_title":"Pol\u00ed\u00adticas Suno Asset e Wealth Management","og_description":"Somos uma gestora de recursos focada em ajudar investidores a conquistar a independ\u00eancia financeira. Conhe\u00e7a mais sobre as pol\u00ed\u00adticas da Suno Asset.","og_url":"https:\/\/www.suno.com.br\/asset\/politicas\/","og_site_name":"Suno Asset | Asset Management","article_modified_time":"2026-04-24T16:22:36+00:00","og_image":[{"width":559,"height":285,"url":"https:\/\/www.suno.com.br\/asset\/wp-content\/uploads\/2021\/10\/suno-asset-logo.jpg","type":"image\/jpeg"}],"twitter_card":"summary_large_image","schema":{"@context":"https:\/\/schema.org","@graph":[{"@type":"WebPage","@id":"https:\/\/www.suno.com.br\/asset\/politicas\/","url":"https:\/\/www.suno.com.br\/asset\/politicas\/","name":"Pol\u00ed\u00adticas Suno Asset e Wealth Management","isPartOf":{"@id":"https:\/\/www.suno.com.br\/asset\/#website"},"datePublished":"2021-03-18T19:52:01+00:00","dateModified":"2026-04-24T16:22:36+00:00","description":"Somos uma gestora de recursos focada em ajudar investidores a conquistar a independ\u00eancia financeira. Conhe\u00e7a mais sobre as pol\u00ed\u00adticas da Suno Asset.","breadcrumb":{"@id":"https:\/\/www.suno.com.br\/asset\/politicas\/#breadcrumb"},"inLanguage":"pt-BR","potentialAction":[{"@type":"ReadAction","target":["https:\/\/www.suno.com.br\/asset\/politicas\/"]}]},{"@type":"BreadcrumbList","@id":"https:\/\/www.suno.com.br\/asset\/politicas\/#breadcrumb","itemListElement":[{"@type":"ListItem","position":1,"name":"Home","item":"https:\/\/www.suno.com.br\/asset\/"},{"@type":"ListItem","position":2,"name":"Pol\u00ed\u00adticas"}]},{"@type":"WebSite","@id":"https:\/\/www.suno.com.br\/asset\/#website","url":"https:\/\/www.suno.com.br\/asset\/","name":"Suno Asset | Asset Management","description":"Ajudamos a construir patrim\u00f4nios s\u00f3lidos por meio do mercado financeiro.","potentialAction":[{"@type":"SearchAction","target":{"@type":"EntryPoint","urlTemplate":"https:\/\/www.suno.com.br\/asset\/?s={search_term_string}"},"query-input":{"@type":"PropertyValueSpecification","valueRequired":true,"valueName":"search_term_string"}}],"inLanguage":"pt-BR"}]}},"_links":{"self":[{"href":"https:\/\/www.suno.com.br\/asset\/wp-json\/wp\/v2\/pages\/354"}],"collection":[{"href":"https:\/\/www.suno.com.br\/asset\/wp-json\/wp\/v2\/pages"}],"about":[{"href":"https:\/\/www.suno.com.br\/asset\/wp-json\/wp\/v2\/types\/page"}],"author":[{"embeddable":true,"href":"https:\/\/www.suno.com.br\/asset\/wp-json\/wp\/v2\/users\/1"}],"replies":[{"embeddable":true,"href":"https:\/\/www.suno.com.br\/asset\/wp-json\/wp\/v2\/comments?post=354"}],"version-history":[{"count":34,"href":"https:\/\/www.suno.com.br\/asset\/wp-json\/wp\/v2\/pages\/354\/revisions"}],"predecessor-version":[{"id":2915,"href":"https:\/\/www.suno.com.br\/asset\/wp-json\/wp\/v2\/pages\/354\/revisions\/2915"}],"wp:attachment":[{"href":"https:\/\/www.suno.com.br\/asset\/wp-json\/wp\/v2\/media?parent=354"}],"curies":[{"name":"wp","href":"https:\/\/api.w.org\/{rel}","templated":true}]}}